{"id":2641,"date":"2016-03-17T09:00:51","date_gmt":"2016-03-17T09:00:51","guid":{"rendered":"https:\/\/demo2.chethemes.com\/electro\/?post_type=product&#038;p=2641"},"modified":"2024-03-31T15:39:54","modified_gmt":"2024-03-31T15:39:54","slug":"laptop-yoga-14-80jh0035ge-w8-1","status":"publish","type":"product","link":"https:\/\/soloestasemana.com\/?product=laptop-yoga-14-80jh0035ge-w8-1","title":{"rendered":"PORTATIL HP 250 G9 CELERON N4500 8GB 256GB 15,6&#8243;FHD FREEDOS"},"content":{"rendered":"<p>El laptop\u00a0<strong>HP 250 G9<\/strong>\u00a0asequible y listo para las empresas brinda funciones esenciales de potencia y productividad en un dise\u00f1o delgado y ligero y una pantalla grande de 15,6 pulgadas en diagonal.<\/p>\n<h2>Especificaciones:<\/h2>\n<ul>\n<li><strong>Procesador\u00a0<\/strong>Intel\u00ae Celeron\u00ae N4500 (hasta 2.8 GHz, 2 n\u00facleos, 4 MB cach\u00e9)<\/li>\n<li><strong>Memoria RAM\u00a0<\/strong>8GB DDR4-SDRAM 2933MHz 1x8GB<\/li>\n<li><strong>Almacenamiento\u00a0<\/strong>256 GB SSD M.2 PCIe NVMe<\/li>\n<li><strong>Unidad \u00f3ptica\u00a0<\/strong>No<\/li>\n<li><strong>Display\u00a0<\/strong>39,6 cm (15.6&#8243;), Full HD (1920 x 1080), Micro-Edge, antirreflectante, 250 nits, 45% NTSC<\/li>\n<li><strong>Controlador gr\u00e1fico<\/strong>\u00a0Intel\u00ae UHD Graphics<\/li>\n<li><strong>Conectividad\u00a0<\/strong>Wi-Fi 6 (802.11ax) 2&#215;2 + Bluetooth\u00ae 5.0<\/li>\n<li><strong>C\u00e1mara de port\u00e1til<\/strong>\u00a0HD 720p<\/li>\n<li><strong>Micr\u00f3fono\u00a0<\/strong>S\u00ed<\/li>\n<li><strong>Bater\u00eda<\/strong>\u00a03 celdas, Ion-Litio, 41 Wh<\/li>\n<li><strong>Conexiones<\/strong>\n<ul>\n<li>2 x USB 3.2 Gen 1 Tipo A<\/li>\n<li>1 x USB 3.2 Gen 1 Tipo C (DisplayPort Alternate Mode)<\/li>\n<li>1 x Combo de auriculares\/micr\u00f3fono jack 3.5 mm<\/li>\n<li>1 x HDMI 1.4b<\/li>\n<li>1 x RJ-45<\/li>\n<\/ul>\n<\/li>\n<li><strong>Sistema operativo<\/strong>\u00a0Windows 11 Home<\/li>\n<li><strong>Dimensiones (Ancho x Profundidad x Altura)<\/strong>\u00a0358 x 242 x 19 mm<\/li>\n<li><strong>Peso\u00a0<\/strong>1,74 kg<\/li>\n<li><strong>Color\u00a0<\/strong>Plata<\/li>\n<\/ul>\n","protected":false},"excerpt":{"rendered":"<p class=\"rp-description-title-bullets\">DESTACADO<\/p>\n<ul class=\"rp-description-bullets-list\">\n<li>Intel\u00ae Celeron\u00ae N4500 (frecuencia de r\u00e1faga de hasta 2,8 GHz, 4 MB de cach\u00e9 L3, 2 n\u00facleos, 2 subprocesos)<\/li>\n<li>FreeDOS 3.0<\/li>\n<li>Pantalla FHD de 15,6&#8243; (39,6 cm) en diagonal<\/li>\n<li>Gr\u00e1ficos Intel\u00ae UHD<\/li>\n<li>8 GB memory; 256 GB SSD storage<\/li>\n<\/ul>\n","protected":false},"featured_media":5463,"comment_status":"open","ping_status":"closed","template":"","meta":{"_acf_changed":false},"product_cat":[15,81,228],"product_tag":[],"acf":[],"_links":{"self":[{"href":"https:\/\/soloestasemana.com\/index.php?rest_route=\/wp\/v2\/product\/2641"}],"collection":[{"href":"https:\/\/soloestasemana.com\/index.php?rest_route=\/wp\/v2\/product"}],"about":[{"href":"https:\/\/soloestasemana.com\/index.php?rest_route=\/wp\/v2\/types\/product"}],"replies":[{"embeddable":true,"href":"https:\/\/soloestasemana.com\/index.php?rest_route=%2Fwp%2Fv2%2Fcomments&post=2641"}],"wp:featuredmedia":[{"embeddable":true,"href":"https:\/\/soloestasemana.com\/index.php?rest_route=\/wp\/v2\/media\/5463"}],"wp:attachment":[{"href":"https:\/\/soloestasemana.com\/index.php?rest_route=%2Fwp%2Fv2%2Fmedia&parent=2641"}],"wp:term":[{"taxonomy":"product_cat","embeddable":true,"href":"https:\/\/soloestasemana.com\/index.php?rest_route=%2Fwp%2Fv2%2Fproduct_cat&post=2641"},{"taxonomy":"product_tag","embeddable":true,"href":"https:\/\/soloestasemana.com\/index.php?rest_route=%2Fwp%2Fv2%2Fproduct_tag&post=2641"}],"curies":[{"name":"wp","href":"https:\/\/api.w.org\/{rel}","templated":true}]}}