{"id":2621,"date":"2016-03-17T08:23:20","date_gmt":"2016-03-17T08:23:20","guid":{"rendered":"https:\/\/demo2.chethemes.com\/electro\/?post_type=product&#038;p=2621"},"modified":"2025-11-25T21:00:42","modified_gmt":"2025-11-25T21:00:42","slug":"full-color-laserjet-pro-m452dn","status":"publish","type":"product","link":"https:\/\/soloestasemana.com\/?product=full-color-laserjet-pro-m452dn","title":{"rendered":"Xiaomi Redmi A2, 16,6 cm (6.52&#8243;), 2 GB, 32 GB, 8 MP, Android 13 Go edition, Verde claro"},"content":{"rendered":"<div class=\"box-shadow rp-product-images\">\n<div class=\"col-12 rp-description mt-5 col-lg-12\">\n<div class=\"rp-description-content-short\">\n<p class=\"rp-description-title-bullets\">DESTACADO<\/p>\n<ul class=\"rp-description-bullets-list\">\n<li>16,6 cm (6.52&#8243;) 1600 x 720 Pixeles<\/li>\n<li>MediaTek Helio G36<\/li>\n<li>2 GB 32 GB MicroSD (TransFlash) 1 TB<\/li>\n<li>4G SIM doble NanoSIM<\/li>\n<li>Bluetooth 5.0<\/li>\n<li>C\u00e1mara doble 8 MP<\/li>\n<li>5000 mAh<\/li>\n<li>Android 13 Go edition<\/li>\n<\/ul>\n<p>Xiaomi Redmi A2. Diagonal de la pantalla: 16,6 cm (6.52&#8243;), Resoluci\u00f3n de la pantalla: 1600 x 720 Pixeles. Familia de procesador: MediaTek, Modelo del procesador: Helio G36. Capacidad de RAM: 2 GB, Tipo de RAM: LPDDR4X, Capacidad de almacenamiento interno: 32 GB. Resoluci\u00f3n de la c\u00e1mara trasera (num\u00e9rica): 8 MP, Tipo de c\u00e1mara trasera: C\u00e1mara doble. Capacidad de la tarjeta SIM: SIM doble. Sistema operativo instalado: Android 13 Go edition. Capacidad de bater\u00eda: 5000 mAh. Color del producto: Verde claro. Peso: 192 g<\/p>\n<\/div>\n<\/div>\n<\/div>\n","protected":false},"excerpt":{"rendered":"<ul>\n<li>\n<p class=\"rp-description-title-bullets\">DESTACADO<\/p>\n<ul class=\"rp-description-bullets-list\">\n<li>16,6 cm (6.52&#8243;) 1600 x 720 Pixeles<\/li>\n<li>MediaTek Helio G36<\/li>\n<li>2 GB 32 GB MicroSD (TransFlash) 1 TB<\/li>\n<li>4G SIM doble NanoSIM<\/li>\n<li>Bluetooth 5.0<\/li>\n<li>C\u00e1mara doble 8 MP<\/li>\n<li>5000 mAh<\/li>\n<li>Android 13 Go edition<\/li>\n<\/ul>\n<\/li>\n<\/ul>\n","protected":false},"featured_media":5458,"comment_status":"open","ping_status":"closed","template":"","meta":{"_acf_changed":false},"product_cat":[115,234],"product_tag":[],"acf":[],"_links":{"self":[{"href":"https:\/\/soloestasemana.com\/index.php?rest_route=\/wp\/v2\/product\/2621"}],"collection":[{"href":"https:\/\/soloestasemana.com\/index.php?rest_route=\/wp\/v2\/product"}],"about":[{"href":"https:\/\/soloestasemana.com\/index.php?rest_route=\/wp\/v2\/types\/product"}],"replies":[{"embeddable":true,"href":"https:\/\/soloestasemana.com\/index.php?rest_route=%2Fwp%2Fv2%2Fcomments&post=2621"}],"wp:featuredmedia":[{"embeddable":true,"href":"https:\/\/soloestasemana.com\/index.php?rest_route=\/wp\/v2\/media\/5458"}],"wp:attachment":[{"href":"https:\/\/soloestasemana.com\/index.php?rest_route=%2Fwp%2Fv2%2Fmedia&parent=2621"}],"wp:term":[{"taxonomy":"product_cat","embeddable":true,"href":"https:\/\/soloestasemana.com\/index.php?rest_route=%2Fwp%2Fv2%2Fproduct_cat&post=2621"},{"taxonomy":"product_tag","embeddable":true,"href":"https:\/\/soloestasemana.com\/index.php?rest_route=%2Fwp%2Fv2%2Fproduct_tag&post=2621"}],"curies":[{"name":"wp","href":"https:\/\/api.w.org\/{rel}","templated":true}]}}