{"id":2599,"date":"2016-03-17T13:16:05","date_gmt":"2016-03-17T07:46:05","guid":{"rendered":"https:\/\/demo2.chethemes.com\/electro\/?post_type=product&#038;p=2599"},"modified":"2025-12-21T00:21:41","modified_gmt":"2025-12-21T00:21:41","slug":"game-console-controller-usb-3-0-cable","status":"publish","type":"product","link":"https:\/\/soloestasemana.com\/?product=game-console-controller-usb-3-0-cable","title":{"rendered":"SMARTPHONE MOTOROLA MOTO E13 4G 8GB\/128GB BLACK"},"content":{"rendered":"<p class=\"rp-description-title-bullets\">DESTACADO<\/p>\n<ul class=\"rp-description-bullets-list\">\n<li>16,5 cm (6.5&#8243;) 1600 x 720 Pixeles<\/li>\n<li>Unisoc T606<\/li>\n<li>8 GB 128 GB MicroSD (TransFlash) 1 TB<\/li>\n<li>4G SIM doble NanoSIM<\/li>\n<li>802.11a, 802.11b, 802.11g, Wi-Fi 4 (802.11n), Wi-Fi 5 (802.11ac) Bluetooth 5.0<\/li>\n<li>C\u00e1mara \u00fanica 13 MP<\/li>\n<li>5000 mAh<\/li>\n<li>Android 13 Go edition<\/li>\n<\/ul>\n<p>El nuevo moto e13 que tiene un dise\u00f1o fino, ligero y llamativo, es todo un espect\u00e1culo. El audio Dolby Atmos\u00ae multidimensional y la pantalla HD+ ultraancha de 6,5\u201d recrean verdaderas experiencias cinematogr\u00e1ficas. Pasa horas y horas viendo tu contenido preferido gracias a la bater\u00eda de 5000 mAh1. Disfruta de una conectividad r\u00e1pida, videollamadas sin interrupciones, funciones avanzadas de fotograf\u00eda y mucho m\u00e1s con un procesador de ocho n\u00facleos con un rendimiento superior. Y personaliza tu experiencia con la \u00faltima versi\u00f3n de AndroidTM 13 (Go Edition).<\/p>\n<p><b>Fino, ligero y moderno<\/b><\/p>\n<p>Llamativo dise\u00f1o resistente a salpicaduras y derrames de agua4, disponible en colores que te encantar\u00e1n.<\/p>\n<p><b>Un cine de bolsillo<\/b><\/p>\n<p>Da vida a tu contenido favorito con el sonido Dolby Atmos\u00ae y una pantalla HD+ ultraancha de 6,5\u201d.<\/p>\n<p><b>Bater\u00eda de 5000 mAh de larga duraci\u00f3n1<\/b><\/p>\n<p>Dedica m\u00e1s tiempo a trabajar y disfrutar gracias a una bater\u00eda fiable con la que no necesitar\u00e1s estar cerca de un enchufe durante m\u00e1s de 36 horas1.<\/p>\n<p><b>Conexiones fluidas<\/b><\/p>\n<p>Disfruta de una experiencia de transmisi\u00f3n fluida con el Wi-Fi de 5 GHz2, carga con el USB tipo C 2.0 y con\u00e9ctate f\u00e1cilmente con el Bluetooth\u00ae 5.03.<\/p>\n<p><b>Rendimiento r\u00e1pido y eficiente<\/b><\/p>\n<p>Observa c\u00f3mo responde el smartphone de forma instant\u00e1nea gracias al procesador de ocho n\u00facleos y a la \u00faltima versi\u00f3n de Android&#x2122; 13 (Go Edition).<\/p>\n<p><b>Sistema de c\u00e1mara con inteligencia artificial<\/b><\/p>\n<p>Las funciones inteligentes de la c\u00e1mara mejoran tus fotos autom\u00e1ticamente para publicarlas directamente en redes sociales.<\/p>\n","protected":false},"excerpt":{"rendered":"<p class=\"rp-description-title-bullets\">DESTACADO<\/p>\n<ul class=\"rp-description-bullets-list\">\n<li>16,5 cm (6.5&#8243;) 1600 x 720 Pixeles<\/li>\n<li>Unisoc T606<\/li>\n<li>8 GB 128 GB MicroSD (TransFlash) 1 TB<\/li>\n<li>4G SIM doble NanoSIM<\/li>\n<li>802.11a, 802.11b, 802.11g, Wi-Fi 4 (802.11n), Wi-Fi 5 (802.11ac) Bluetooth 5.0<\/li>\n<li>C\u00e1mara \u00fanica 13 MP<\/li>\n<li>5000 mAh<\/li>\n<li>Android 13 Go edition<\/li>\n<\/ul>\n","protected":false},"featured_media":5448,"comment_status":"open","ping_status":"closed","template":"","meta":{"_acf_changed":false},"product_cat":[44,115,234,119,230],"product_tag":[],"acf":[],"_links":{"self":[{"href":"https:\/\/soloestasemana.com\/index.php?rest_route=\/wp\/v2\/product\/2599"}],"collection":[{"href":"https:\/\/soloestasemana.com\/index.php?rest_route=\/wp\/v2\/product"}],"about":[{"href":"https:\/\/soloestasemana.com\/index.php?rest_route=\/wp\/v2\/types\/product"}],"replies":[{"embeddable":true,"href":"https:\/\/soloestasemana.com\/index.php?rest_route=%2Fwp%2Fv2%2Fcomments&post=2599"}],"wp:featuredmedia":[{"embeddable":true,"href":"https:\/\/soloestasemana.com\/index.php?rest_route=\/wp\/v2\/media\/5448"}],"wp:attachment":[{"href":"https:\/\/soloestasemana.com\/index.php?rest_route=%2Fwp%2Fv2%2Fmedia&parent=2599"}],"wp:term":[{"taxonomy":"product_cat","embeddable":true,"href":"https:\/\/soloestasemana.com\/index.php?rest_route=%2Fwp%2Fv2%2Fproduct_cat&post=2599"},{"taxonomy":"product_tag","embeddable":true,"href":"https:\/\/soloestasemana.com\/index.php?rest_route=%2Fwp%2Fv2%2Fproduct_tag&post=2599"}],"curies":[{"name":"wp","href":"https:\/\/api.w.org\/{rel}","templated":true}]}}