{"id":2181,"date":"2016-02-28T08:21:03","date_gmt":"2016-02-28T08:21:03","guid":{"rendered":"https:\/\/demo2.chethemes.com\/electro\/?page_id=2181"},"modified":"2016-02-28T08:21:03","modified_gmt":"2016-02-28T08:21:03","slug":"track-your-order","status":"publish","type":"page","link":"https:\/\/soloestasemana.com\/?page_id=2181","title":{"rendered":"Track your Order"},"content":{"rendered":"<div class=\"woocommerce\">\n<form action=\"https:\/\/soloestasemana.com\/?page_id=2181\" method=\"post\" class=\"woocommerce-form woocommerce-form-track-order track_order\">\n\n\t\n\t<p>Para hacer seguimiento de tu pedido, por favor introduce el ID de tu pedido en el cuadro de abajo y pulsa el bot\u00f3n \u00abSeguir\u00bb. Esto se envi\u00f3 en tu recibo y en el correo electr\u00f3nico de confirmaci\u00f3n que deber\u00edas haber recibido.<\/p>\n\n\t<p class=\"form-row form-row-first\"><label for=\"orderid\">ID de pedido<\/label> <input class=\"input-text\" type=\"text\" name=\"orderid\" id=\"orderid\" value=\"\" placeholder=\"Se encuentra en tu correo electr\u00f3nico de confirmaci\u00f3n de pedido.\" \/><\/p>\t<p class=\"form-row form-row-last\"><label for=\"order_email\">Correo electr\u00f3nico de facturaci\u00f3n<\/label> <input class=\"input-text\" type=\"text\" name=\"order_email\" id=\"order_email\" value=\"\" placeholder=\"El correo electr\u00f3nico que utilizaste durante el pago.\" \/><\/p>\t<div class=\"clear\"><\/div>\n\n\t\n\t<p class=\"form-row\"><button type=\"submit\" class=\"button\" name=\"track\" value=\"Seguir\">Seguir<\/button><\/p>\n\t<input type=\"hidden\" id=\"woocommerce-order-tracking-nonce\" name=\"woocommerce-order-tracking-nonce\" value=\"0a1e798d02\" \/><input type=\"hidden\" name=\"_wp_http_referer\" value=\"\/index.php?rest_route=%2Fwp%2Fv2%2Fpages%2F2181\" \/>\n\t\n<\/form>\n<\/div>\n","protected":false},"excerpt":{"rendered":"","protected":false},"author":1,"featured_media":0,"parent":0,"menu_order":0,"comment_status":"closed","ping_status":"closed","template":"template-page-centered-fullwidth.php","meta":{"_acf_changed":false,"footnotes":""},"acf":[],"_links":{"self":[{"href":"https:\/\/soloestasemana.com\/index.php?rest_route=\/wp\/v2\/pages\/2181"}],"collection":[{"href":"https:\/\/soloestasemana.com\/index.php?rest_route=\/wp\/v2\/pages"}],"about":[{"href":"https:\/\/soloestasemana.com\/index.php?rest_route=\/wp\/v2\/types\/page"}],"author":[{"embeddable":true,"href":"https:\/\/soloestasemana.com\/index.php?rest_route=\/wp\/v2\/users\/1"}],"replies":[{"embeddable":true,"href":"https:\/\/soloestasemana.com\/index.php?rest_route=%2Fwp%2Fv2%2Fcomments&post=2181"}],"version-history":[{"count":0,"href":"https:\/\/soloestasemana.com\/index.php?rest_route=\/wp\/v2\/pages\/2181\/revisions"}],"wp:attachment":[{"href":"https:\/\/soloestasemana.com\/index.php?rest_route=%2Fwp%2Fv2%2Fmedia&parent=2181"}],"curies":[{"name":"wp","href":"https:\/\/api.w.org\/{rel}","templated":true}]}}